{"id":1192,"date":"2022-11-28T09:35:07","date_gmt":"2022-11-28T09:35:07","guid":{"rendered":"https:\/\/www.tecnomaribiza.comibiza\/politica-de-cookies\/"},"modified":"2024-09-20T10:03:51","modified_gmt":"2024-09-20T10:03:51","slug":"cookies-policy","status":"publish","type":"page","link":"https:\/\/www.tecnomaribiza.com\/en\/cookies-policy\/","title":{"rendered":"Cookies Policy"},"content":{"rendered":"\t\t<div data-elementor-type=\"wp-page\" data-elementor-id=\"1192\" class=\"elementor elementor-1192 elementor-870\">\n\t\t\t\t\t\t<div class=\"elementor-inner\">\n\t\t\t\t<div class=\"elementor-section-wrap\">\n\t\t\t\t\t\t\t<div class=\"elementor-element elementor-element-c1d5810 e-con-boxed e-flex e-con\" data-id=\"c1d5810\" data-element_type=\"container\" data-settings=\"{&quot;background_background&quot;:&quot;classic&quot;,&quot;content_width&quot;:&quot;boxed&quot;}\">\n\t\t\t\t\t<div class=\"e-con-inner\">\n\t\t<div class=\"elementor-element elementor-element-6f714f1 e-con-full e-flex e-con\" data-id=\"6f714f1\" data-element_type=\"container\" data-settings=\"{&quot;content_width&quot;:&quot;full&quot;}\">\n\t\t\t\t<div class=\"elementor-element elementor-element-f37468b elementor-widget elementor-widget-text-editor\" data-id=\"f37468b\" data-element_type=\"widget\" data-widget_type=\"text-editor.default\">\n\t\t\t\t<div class=\"elementor-widget-container\">\n\t\t\t\t\t\t\t\t<div class=\"elementor-text-editor elementor-clearfix\">\n\t\t\t\t<h2><strong>\u00bfQu\u00e9 son las cookies?<\/strong><\/h2><p>Este sitio web utiliza cookies y\/o tecnolog\u00edas similares que almacenan y recuperan informaci\u00f3n cuando navegas. En general, estas tecnolog\u00edas pueden servir para finalidades muy diversas, como, por ejemplo, reconocerte como usuario, obtener informaci\u00f3n sobre tus h\u00e1bitos de navegaci\u00f3n, o personalizar la forma en que se muestra el contenido. Los usos concretos que hacemos de estas tecnolog\u00edas se describen a continuaci\u00f3n.<\/p><h3><strong>\u00bfQu\u00e9 tipos de cookies se utilizan en esta p\u00e1gina web?<\/strong><\/h3><ul><li><strong>Cookies t\u00e9cnicas: <\/strong>son aquellas que permiten al usuario la navegaci\u00f3n a trav\u00e9s de una p\u00e1gina web, plataforma o aplicaci\u00f3n y la utilizaci\u00f3n de las diferentes opciones o servicios que en ella existan, incluyendo aquellas que el editor utiliza para permitir la gesti\u00f3n y operativa de la p\u00e1gina web y habilitar sus funciones y servicios, como, por ejemplo, controlar el tr\u00e1fico y la comunicaci\u00f3n de datos, identificar la sesi\u00f3n, acceder a partes de acceso restringido, recordar los elementos que integran un pedido, realizar el proceso de compra de un pedido, gestionar el pago, controlar el fraude vinculado a la seguridad del servicio, realizar la solicitud de inscripci\u00f3n o participaci\u00f3n en un evento, contar visitas a efectos de la facturaci\u00f3n de licencias del software con el que funciona el servicio (sitio web, plataforma o aplicaci\u00f3n), utilizar elementos de seguridad durante la navegaci\u00f3n, almacenar contenidos para la difusi\u00f3n de v\u00eddeos o sonido, habilitar contenidos din\u00e1micos (por ejemplo, animaci\u00f3n de carga de un texto o imagen) o compartir contenidos a trav\u00e9s de redes sociales.<\/li><li><strong>Cookies de preferencias o personalizaci\u00f3n<\/strong>: son aquellas que permiten recordar informaci\u00f3n para que el usuario acceda al servicio con determinadas caracter\u00edsticas que pueden diferenciar su experiencia de la de otros usuarios, como, por ejemplo, el idioma, el n\u00famero de resultados a mostrar cuando el usuario realiza una b\u00fasqueda, el aspecto o contenido del servicio en funci\u00f3n del tipo de navegador a trav\u00e9s del cual el usuario accede al servicio o de la regi\u00f3n desde la que accede al servicio, etc.<\/li><\/ul><h3><strong>\u00bfQui\u00e9n utiliza las cookies?<\/strong><\/h3><p>La informaci\u00f3n obtenida por las cookies es tratada \u00fanicamente por el editor de este entorno, y no es tratada por terceros ajenos al mismo. El editor se encuentra identificado en el aviso legal.<\/p><h3><strong>\u00bfC\u00f3mo puedo gestionar las cookies?<\/strong><\/h3><p>Puede configurar su navegador para ser avisado de la recepci\u00f3n de cookies y negarse a aceptarlas activando la configuraci\u00f3n en el navegador que permite rechazarlas. No obstante, le advertimos que la desactivaci\u00f3n de las Cookies puede provocar la limitaci\u00f3n, o incluso imposibilidad de acceso a algunas de las funcionalidades de nuestra web, as\u00ed como algunos de los servicios pueden dejar de funcionar correctamente.<\/p><p>Para m\u00e1s detalle sobre la configuraci\u00f3n de las cookies en su navegador, le facilitamos informaci\u00f3n relativa a la gesti\u00f3n o desactivaci\u00f3n de cookies de los principales navegadores:<\/p><ul><li>Configuraci\u00f3n de cookies de <strong>Internet Explorer<\/strong>, <a href=\"https:\/\/support.microsoft.com\/es-es\/windows\/eliminar-y-administrar-cookies-168dab11-0753-043d-7c16-ede5947fc64d#:~:text=Para%20eliminar%20las%20cookies,%2C%20a%20continuaci%C3%B3n%2C%20seleccione%20Eliminar\" target=\"_blank\" rel=\"noopener\">https:\/\/support.microsoft.com\/es-es\/windows\/eliminar-y-administrar-cookies-168dab11-0753-043d-7c16-ede5947fc64d#:~:text=Para%20eliminar%20las%20cookies,%2C%20a%20continuaci%C3%B3n%2C%20seleccione%20Eliminar<\/a>.<\/li><li>Configuraci\u00f3n de cookies de <strong>Google Chrome<\/strong>, <a href=\"https:\/\/support.google.com\/acounts\/answer\/32050?co=GNIE.Platform%3DDesktop&amp;hl=es\" target=\"_blank\" rel=\"noopener\">https:\/\/support.google.com\/acounts\/answer\/32050?co=GNIE.Platform%3DDesktop&amp;hl=es<\/a><\/li><li>Configuraci\u00f3n de cookies de <strong>Safari<\/strong>, <a href=\"https:\/\/support.apple.com\/es-es\/HT201265\" target=\"_blank\" rel=\"noopener\">https:\/\/support.apple.com\/es-es\/HT201265<\/a><\/li><\/ul><p>Tambi\u00e9n le proponemos consultar los siguientes sitios web: <a href=\"https:\/\/aboutcookies.org\/\" target=\"_blank\" rel=\"noopener\">https:\/\/aboutcookies.org\/<\/a>, <a href=\"https:\/\/www.youronlinechoices.eu\/\" target=\"_blank\" rel=\"noopener\">https:\/\/www.youronlinechoices.eu\/<\/a>,\u00a0 <a href=\"https:\/\/www.networkadvertising.org\/\" target=\"_blank\" rel=\"noopener\">https:\/\/www.networkadvertising.org\/<\/a>\u00a0 o <a href=\"https:\/\/digitaladvertisingalliance.org\/\" target=\"_blank\" rel=\"noopener\">https:\/\/digitaladvertisingalliance.org\/<\/a> donde encontrar\u00e1 explicaciones detalladas sobre c\u00f3mo eliminar las cookies de su ordenador y m\u00e1s informaci\u00f3n general sobre las mismas.<\/p><h3><strong>\u00bfDurante cu\u00e1nto tiempo se conserva la informaci\u00f3n de las cookies?<\/strong><\/h3><p>El per\u00edodo de conservaci\u00f3n de la informaci\u00f3n derivada de las cookies es de:<\/p><ul><li>moove_gdpr_popup: 1 a\u00f1o<\/li><li>wp-wpml_current_language: 1 d\u00eda<\/li><\/ul><h3><strong>\u00bfD\u00f3nde puedo conocer m\u00e1s informaci\u00f3n relativa a la protecci\u00f3n de mis datos personales?<\/strong><\/h3><p>Puede consultar nuestra pol\u00edtica de privacidad a trav\u00e9s del siguiente enlace: <a href=\"https:\/\/www.tecnomaribiza.com\/politica-de-privacidad\/\">https:\/\/www.tecnomaribiza.com\/politica-de-privacidad\/<\/a><\/p>\t\t\t\t\t<\/div>\n\t\t\t\t\t\t<\/div>\n\t\t\t\t<\/div>\n\t\t\t\t<\/div>\n\t\t\t\t\t<\/div>\n\t\t\t\t<\/div>\n\t\t\t\t\t\t\t\t\t<\/div>\n\t\t\t<\/div>\n\t\t\t\t\t<\/div>\n\t\t","protected":false},"excerpt":{"rendered":"<p>\u00bfQu\u00e9 son las cookies? Este sitio web utiliza cookies y\/o tecnolog\u00edas similares que almacenan y recuperan informaci\u00f3n cuando navegas. En general, estas tecnolog\u00edas pueden servir para finalidades muy diversas, como, por ejemplo, reconocerte como usuario, obtener informaci\u00f3n sobre tus h\u00e1bitos de navegaci\u00f3n, o personalizar la forma en que se muestra el contenido. Los usos concretos&hellip; <a class=\"more-link\" href=\"https:\/\/www.tecnomaribiza.com\/en\/cookies-policy\/\">Continue reading <span class=\"screen-reader-text\">Cookies Policy<\/span><\/a><\/p>\n","protected":false},"author":1,"featured_media":0,"parent":0,"menu_order":0,"comment_status":"closed","ping_status":"closed","template":"elementor_header_footer","meta":[],"_links":{"self":[{"href":"https:\/\/www.tecnomaribiza.com\/en\/wp-json\/wp\/v2\/pages\/1192"}],"collection":[{"href":"https:\/\/www.tecnomaribiza.com\/en\/wp-json\/wp\/v2\/pages"}],"about":[{"href":"https:\/\/www.tecnomaribiza.com\/en\/wp-json\/wp\/v2\/types\/page"}],"author":[{"embeddable":true,"href":"https:\/\/www.tecnomaribiza.com\/en\/wp-json\/wp\/v2\/users\/1"}],"replies":[{"embeddable":true,"href":"https:\/\/www.tecnomaribiza.com\/en\/wp-json\/wp\/v2\/comments?post=1192"}],"version-history":[{"count":7,"href":"https:\/\/www.tecnomaribiza.com\/en\/wp-json\/wp\/v2\/pages\/1192\/revisions"}],"predecessor-version":[{"id":1409,"href":"https:\/\/www.tecnomaribiza.com\/en\/wp-json\/wp\/v2\/pages\/1192\/revisions\/1409"}],"wp:attachment":[{"href":"https:\/\/www.tecnomaribiza.com\/en\/wp-json\/wp\/v2\/media?parent=1192"}],"curies":[{"name":"wp","href":"https:\/\/api.w.org\/{rel}","templated":true}]}}